{"id":398,"date":"2024-09-19T12:14:19","date_gmt":"2024-09-19T12:14:19","guid":{"rendered":"https:\/\/keksquintett.com\/?page_id=398"},"modified":"2024-11-08T16:11:51","modified_gmt":"2024-11-08T16:11:51","slug":"education","status":"publish","type":"page","link":"https:\/\/keksquintett.com\/?page_id=398","title":{"rendered":"Education"},"content":{"rendered":"\n<h1 class=\"wp-block-heading alignwide has-text-align-center\" style=\"font-size:clamp(3.615rem, 3.615rem + ((1vw - 0.2rem) * 7.064), 7.5rem);\"><strong>CONCIERTOS DI\u00c1CTICOS<\/strong><\/h1>\n\n\n\n<h2 class=\"wp-block-heading alignwide\"><strong>Proyecto educativo<\/strong><\/h2>\n\n\n\n<div class=\"wp-block-cover alignwide is-light\" style=\"border-radius:14px;padding-right:var(--wp--preset--spacing--40);padding-left:var(--wp--preset--spacing--40);min-height:333px;aspect-ratio:unset;\"><span aria-hidden=\"true\" class=\"wp-block-cover__background has-tertiary-background-color has-background-dim-100 has-background-dim\"><\/span><div class=\"wp-block-cover__inner-container has-global-padding is-layout-constrained wp-container-core-cover-is-layout-9c1eb8dd wp-block-cover-is-layout-constrained\">\n<div class=\"wp-block-columns alignwide are-vertically-aligned-center is-layout-flex wp-container-core-columns-is-layout-28f84493 wp-block-columns-is-layout-flex\">\n<div class=\"wp-block-column is-vertically-aligned-center is-layout-flow wp-block-column-is-layout-flow\">\n<p>El proyecto surge con el objetivo de <strong>acercar la m\u00fasica a los centros educativos<\/strong> <strong>de una manera l\u00fadica y did\u00e1ctica<\/strong>. Uniendo nuestra formaci\u00f3n y experiencia como quinteto de viento con nuestra pasi\u00f3n por la m\u00fasica y la docencia, queremos ofrecer una <strong>experiencia \u00fanica<\/strong> que despierte el inter\u00e9s y la apreciaci\u00f3n musical en infantiles y j\u00f3venes.<br><\/p>\n<\/div>\n\n\n\n<div class=\"wp-block-column is-vertically-aligned-center is-layout-flow wp-block-column-is-layout-flow\">\n<p class=\"has-large-font-size\"><strong>\u00abLa m\u00fasica es un arte ef\u00edmero que despierta sensaciones muy diversas en quienes la disfrutan, un concierto en directo es una experiencia \u00fanica de aprendizaje que supone una experiencia sensorial y salida de la rutina\u00bb<br><\/strong><\/p>\n<\/div>\n<\/div>\n<\/div><\/div>\n\n\n\n<div class=\"wp-block-cover alignwide is-light\" style=\"border-radius:14px;padding-right:var(--wp--preset--spacing--40);padding-left:var(--wp--preset--spacing--40);min-height:333px;aspect-ratio:unset;\"><span aria-hidden=\"true\" class=\"wp-block-cover__background has-tertiary-background-color has-background-dim-100 has-background-dim\"><\/span><div class=\"wp-block-cover__inner-container has-global-padding is-layout-constrained wp-container-core-cover-is-layout-9c1eb8dd wp-block-cover-is-layout-constrained\">\n<div class=\"wp-block-columns alignwide are-vertically-aligned-center is-layout-flex wp-container-core-columns-is-layout-28f84493 wp-block-columns-is-layout-flex\">\n<div class=\"wp-block-column is-vertically-aligned-center is-layout-flow wp-block-column-is-layout-flow\">\n<figure class=\"wp-block-image aligncenter size-full is-resized\"><img fetchpriority=\"high\" decoding=\"async\" width=\"520\" height=\"414\" src=\"https:\/\/keksquintett.com\/wp-content\/uploads\/2024\/09\/image-17.png\" alt=\"\" class=\"wp-image-501\" style=\"width:387px;height:auto\" srcset=\"https:\/\/keksquintett.com\/wp-content\/uploads\/2024\/09\/image-17.png 520w, https:\/\/keksquintett.com\/wp-content\/uploads\/2024\/09\/image-17-300x239.png 300w\" sizes=\"(max-width: 520px) 100vw, 520px\" \/><\/figure>\n<\/div>\n\n\n\n<div class=\"wp-block-column is-vertically-aligned-center is-layout-flow wp-block-column-is-layout-flow\">\n<p class=\"has-medium-font-size\">Cada concierto tiene una duraci\u00f3n aproximada de<strong> 50 minutos<\/strong> donde combinamos escucha pasiva y actividades din\u00e1micas.<\/p>\n\n\n\n<p>El contenido y las explicaciones se ajustan al nivel educativo de los alumnos, asegurando que todos puedan<strong> disfrutar y aprender<\/strong>, con total flexibilidad para adaptar las explicaciones con el fin de <strong>reforzar lo aprendido&nbsp;en&nbsp;clase<\/strong>.<\/p>\n<\/div>\n<\/div>\n<\/div><\/div>\n\n\n\n<div style=\"height:74px\" aria-hidden=\"true\" class=\"wp-block-spacer\"><\/div>\n\n\n\n<div class=\"wp-block-columns alignwide is-layout-flex wp-container-core-columns-is-layout-28f84493 wp-block-columns-is-layout-flex\">\n<div class=\"wp-block-column is-layout-flow wp-block-column-is-layout-flow\">\n<figure class=\"wp-block-image size-large has-custom-border\"><img decoding=\"async\" width=\"768\" height=\"1024\" src=\"https:\/\/keksquintett.com\/wp-content\/uploads\/2024\/09\/Imagen-de-WhatsApp-2024-09-19-a-las-17.46.03_e03696d6-768x1024.jpg\" alt=\"\" class=\"wp-image-503\" style=\"border-radius:14px\" srcset=\"https:\/\/keksquintett.com\/wp-content\/uploads\/2024\/09\/Imagen-de-WhatsApp-2024-09-19-a-las-17.46.03_e03696d6-768x1023.jpg 768w, https:\/\/keksquintett.com\/wp-content\/uploads\/2024\/09\/Imagen-de-WhatsApp-2024-09-19-a-las-17.46.03_e03696d6-225x300.jpg 225w, https:\/\/keksquintett.com\/wp-content\/uploads\/2024\/09\/Imagen-de-WhatsApp-2024-09-19-a-las-17.46.03_e03696d6.jpg 854w\" sizes=\"(max-width: 768px) 100vw, 768px\" \/><\/figure>\n<\/div>\n\n\n\n<div class=\"wp-block-column is-layout-flow wp-block-column-is-layout-flow\">\n<figure class=\"wp-block-image size-full has-custom-border\"><img decoding=\"async\" width=\"723\" height=\"504\" src=\"https:\/\/keksquintett.com\/wp-content\/uploads\/2024\/09\/Imagen-de-WhatsApp-2024-09-19-a-las-17.44.34_2985868b.jpg\" alt=\"\" class=\"wp-image-502\" style=\"border-radius:14px\" srcset=\"https:\/\/keksquintett.com\/wp-content\/uploads\/2024\/09\/Imagen-de-WhatsApp-2024-09-19-a-las-17.44.34_2985868b.jpg 723w, https:\/\/keksquintett.com\/wp-content\/uploads\/2024\/09\/Imagen-de-WhatsApp-2024-09-19-a-las-17.44.34_2985868b-300x209.jpg 300w\" sizes=\"(max-width: 723px) 100vw, 723px\" \/><\/figure>\n\n\n\n<div class=\"wp-block-group has-global-padding is-layout-constrained wp-container-core-group-is-layout-19e250f3 wp-block-group-is-layout-constrained\">\n<p class=\"has-text-align-right\">Colegio Salesianos Sant\u00edsima Trinidad<\/p>\n\n\n\n<p class=\"has-text-align-right\"><strong>Sevilla, JUN 2024<\/strong><\/p>\n\n\n\n<div style=\"height:240px\" aria-hidden=\"true\" class=\"wp-block-spacer\"><\/div>\n\n\n\n<p>CEIP Tom\u00e1s de Ybarra<\/p>\n\n\n\n<p><strong>Tomares, JUN 2024<\/strong><\/p>\n<\/div>\n<\/div>\n<\/div>\n\n\n\n<div style=\"height:137px\" aria-hidden=\"true\" class=\"wp-block-spacer\"><\/div>\n\n\n\n<div class=\"wp-block-cover alignfull is-light\" style=\"margin-top:0;margin-bottom:0;padding-top:0;padding-bottom:0;min-height:100vh;aspect-ratio:unset;\"><span aria-hidden=\"true\" class=\"wp-block-cover__background has-background-dim-100 has-background-dim\" style=\"background-color:#fff6e6\"><\/span><div class=\"wp-block-cover__inner-container has-global-padding is-layout-constrained wp-block-cover-is-layout-constrained\">\n<div style=\"height:81px\" aria-hidden=\"true\" class=\"wp-block-spacer\"><\/div>\n\n\n\n<div class=\"wp-block-group alignwide is-nowrap is-layout-flex wp-container-core-group-is-layout-6c531013 wp-block-group-is-layout-flex\">\n<div class=\"wp-block-group alignwide has-global-padding is-layout-constrained wp-block-group-is-layout-constrained\">\n<h2 class=\"wp-block-heading\"><strong>Tem\u00e1ticas<\/strong> <strong>de conciertos<\/strong><\/h2>\n\n\n\n<h2 class=\"wp-block-heading alignwide has-large-font-size\">Hemos dise\u00f1ado<strong> tres temas principales<\/strong>. Cada una de estas tem\u00e1ticas est\u00e1 cuidadosamente seleccionada para brindar una experiencia educativa&nbsp;y&nbsp;atractiva<\/h2>\n\n\n\n<h2 class=\"wp-block-heading alignwide has-large-font-size\">Al colaborar con el centro, garantizamos que el concierto sea no solo educativo y entretenido, sino tambi\u00e9n ajustado a los gustos y expectativas de los&nbsp;estudiantes<\/h2>\n\n\n\n<div style=\"height:16px\" aria-hidden=\"true\" class=\"wp-block-spacer\"><\/div>\n<\/div>\n\n\n\n<figure class=\"wp-block-image size-full is-resized\"><img loading=\"lazy\" decoding=\"async\" width=\"837\" height=\"671\" src=\"https:\/\/keksquintett.com\/wp-content\/uploads\/2024\/09\/image-14.png\" alt=\"\" class=\"wp-image-497\" style=\"width:472px;height:auto\" srcset=\"https:\/\/keksquintett.com\/wp-content\/uploads\/2024\/09\/image-14.png 837w, https:\/\/keksquintett.com\/wp-content\/uploads\/2024\/09\/image-14-300x241.png 300w, https:\/\/keksquintett.com\/wp-content\/uploads\/2024\/09\/image-14-768x616.png 768w\" sizes=\"(max-width: 837px) 100vw, 837px\" \/><\/figure>\n\n\n\n<div style=\"height:100px;width:0px\" aria-hidden=\"true\" class=\"wp-block-spacer wp-container-content-9760934e\"><\/div>\n<\/div>\n\n\n\n<div style=\"height:18px\" aria-hidden=\"true\" class=\"wp-block-spacer\"><\/div>\n\n\n\n<div class=\"wp-block-columns alignfull is-layout-flex wp-container-core-columns-is-layout-28f84493 wp-block-columns-is-layout-flex\">\n<div class=\"wp-block-column is-layout-flow wp-block-column-is-layout-flow\">\n<div class=\"wp-block-cover is-light\" style=\"border-radius:14px;margin-top:0;margin-bottom:0;padding-right:var(--wp--preset--spacing--30);padding-left:var(--wp--preset--spacing--30);min-height:290px;aspect-ratio:unset;\"><span aria-hidden=\"true\" class=\"wp-block-cover__background has-base-background-color has-background-dim-100 has-background-dim\"><\/span><div class=\"wp-block-cover__inner-container has-global-padding is-layout-constrained wp-container-core-cover-is-layout-4fc4f84e wp-block-cover-is-layout-constrained\">\n<div style=\"height:20px\" aria-hidden=\"true\" class=\"wp-block-spacer\"><\/div>\n\n\n\n<h2 class=\"wp-block-heading has-large-font-size\"><strong>M\u00fasica de cuentos<\/strong><br><\/h2>\n\n\n\n<p class=\"has-text-align-left has-medium-font-size\">Nos sumergimos en <strong>historias y relatos cl\u00e1sicos a trav\u00e9s de la m\u00fasica<\/strong>, con obras que narran cuentos y f\u00e1bulas. Se incluyen obras como <strong>Scheherazade<\/strong>, que narra el cuento de \u201cLas mil y una noches\u201d (Rimsky-Korsakov) o <strong>el Cascanueces <\/strong>(Tchaikovsky). <\/p>\n\n\n\n<p class=\"has-base-color has-text-color has-link-color wp-elements-81b0e9d2a63d29cbe445f9bab8c2afa9\"> b<\/p>\n\n\n\n<p class=\"has-text-align-left has-medium-font-size\">Fomentamos la imaginaci\u00f3n mostrando c\u00f3mo la m\u00fasica puede contar historias y describir personajes o situaciones a trav\u00e9s de sonidos.<\/p>\n\n\n\n<div style=\"height:20px\" aria-hidden=\"true\" class=\"wp-block-spacer\"><\/div>\n\n\n\n<p class=\"has-text-align-left has-medium-font-size\"><\/p>\n<\/div><\/div>\n<\/div>\n\n\n\n<div class=\"wp-block-column is-layout-flow wp-block-column-is-layout-flow\">\n<div class=\"wp-block-cover is-light\" style=\"border-radius:14px;margin-top:0;margin-bottom:0;padding-right:var(--wp--preset--spacing--30);padding-left:var(--wp--preset--spacing--30);min-height:290px;aspect-ratio:unset;\"><span aria-hidden=\"true\" class=\"wp-block-cover__background has-base-background-color has-background-dim-100 has-background-dim\"><\/span><div class=\"wp-block-cover__inner-container has-global-padding is-layout-constrained wp-container-core-cover-is-layout-4fc4f84e wp-block-cover-is-layout-constrained\">\n<div style=\"height:20px\" aria-hidden=\"true\" class=\"wp-block-spacer\"><\/div>\n\n\n\n<h2 class=\"wp-block-heading has-large-font-size\"><strong>M\u00fasica espa\u00f1ola<\/strong><br><\/h2>\n\n\n\n<p class=\"has-text-align-left has-medium-font-size\">Hacemos un recorrido por el <strong>repertorio espa\u00f1o<\/strong>l con compositores como <strong>Manuel de Falla<\/strong>,<strong> Isaac Alb\u00e9niz <\/strong>o <strong>Oscar Navarro<\/strong>, mostrando la riqueza cultural y la diversidad de estilos dentro de la m\u00fasica espa\u00f1ola.<\/p>\n\n\n\n<p class=\"has-base-color has-text-color has-link-color wp-elements-ce044022cec9ecc3a8778eb5ac92f338\">b<\/p>\n\n\n\n<p class=\"has-text-align-left has-medium-font-size\">Con este repertorio descubrimos la tradici\u00f3n musical espa\u00f1ola, identificando sus ritmos caracter\u00edsticos, estilos y su influencia en la m\u00fasica contempor\u00e1nea.<\/p>\n\n\n\n<p class=\"has-base-color has-text-color has-link-color wp-elements-cc93ad030cd0f33268abe664ee8d1ac5\"> d<\/p>\n\n\n\n<div style=\"height:20px\" aria-hidden=\"true\" class=\"wp-block-spacer\"><\/div>\n\n\n\n<p class=\"has-base-color has-text-color has-link-color wp-elements-93bce5c405dbd3827ae0a662cc721a35\"><\/p>\n<\/div><\/div>\n<\/div>\n\n\n\n<div class=\"wp-block-column is-layout-flow wp-block-column-is-layout-flow\">\n<div class=\"wp-block-cover is-light\" style=\"border-radius:14px;margin-top:0;margin-bottom:0;padding-right:var(--wp--preset--spacing--30);padding-left:var(--wp--preset--spacing--30);min-height:290px;aspect-ratio:unset;\"><span aria-hidden=\"true\" class=\"wp-block-cover__background has-base-background-color has-background-dim-100 has-background-dim\"><\/span><div class=\"wp-block-cover__inner-container has-global-padding is-layout-constrained wp-container-core-cover-is-layout-4fc4f84e wp-block-cover-is-layout-constrained\">\n<div style=\"height:20px\" aria-hidden=\"true\" class=\"wp-block-spacer\"><\/div>\n\n\n\n<h2 class=\"wp-block-heading has-large-font-size\"><strong>M\u00fasica de cine<\/strong><br><\/h2>\n\n\n\n<p class=\"has-text-align-left has-medium-font-size\">Conseguimos transportarnos al <strong>mundo cinematogr\u00e1fico <\/strong>a trav\u00e9s de sus <strong>bandas sonoras<\/strong>, este concierto est\u00e1 marcado por obras de compositores como <strong>Williams<\/strong>,<strong> Morricone <\/strong>o <strong>Zimmer<\/strong>.<\/p>\n\n\n\n<p class=\"has-base-color has-text-color has-link-color wp-elements-7bab5e8fda43f08217e703c06d948c22\">n<\/p>\n\n\n\n<p class=\"has-text-align-left has-medium-font-size\">Mostramos c\u00f3mo la m\u00fasica es una parte esencial del cine ya que ayudan a transmitir emociones&nbsp;y&nbsp;sensaciones.<\/p>\n\n\n\n<p class=\"has-base-color has-text-color has-link-color wp-elements-93bce5c405dbd3827ae0a662cc721a35\"><\/p>\n\n\n\n<p class=\"has-base-color has-text-color has-link-color wp-elements-e0eda3279a07b288e1b4f47512b8df77\">B<\/p>\n\n\n\n<div style=\"height:20px\" aria-hidden=\"true\" class=\"wp-block-spacer\"><\/div>\n\n\n\n<p class=\"has-base-color has-text-color has-link-color wp-elements-93bce5c405dbd3827ae0a662cc721a35\"><\/p>\n<\/div><\/div>\n<\/div>\n<\/div>\n\n\n\n<div style=\"height:69px\" aria-hidden=\"true\" class=\"wp-block-spacer\"><\/div>\n\n\n\n<div class=\"wp-block-cover alignwide is-light has-base-color has-text-color has-link-color wp-elements-58bf1ad347879df089bcbb4052167fbf\" style=\"border-radius:14px;margin-top:0;margin-bottom:0;min-height:167px;aspect-ratio:unset;\"><span aria-hidden=\"true\" class=\"wp-block-cover__background has-background-dim-100 has-background-dim\" style=\"background-color:#ffbc8c\"><\/span><div class=\"wp-block-cover__inner-container has-global-padding is-layout-constrained wp-container-core-cover-is-layout-be04af43 wp-block-cover-is-layout-constrained\">\n<h6 class=\"wp-block-heading alignwide has-text-align-center\"><strong>Repertorio adaptado a cada centro<\/strong><\/h6>\n\n\n\n<p>Entendemos que cada centro educativo tiene necesidades y preferencias espec\u00edficas en cuanto al tiempo disponible y las caracter\u00edsticas de los estudiantes que participar\u00e1n en los conciertos. Por ello, el repertorio de cada concierto ser\u00e1 elegido en colaboraci\u00f3n con el centro educativo, adapt\u00e1ndonos al tiempo disponible y al perfil de los alumnos que&nbsp;disfrutar\u00e1n&nbsp;del evento.<strong><br><\/strong><\/p>\n<\/div><\/div>\n\n\n\n<div style=\"height:81px\" aria-hidden=\"true\" class=\"wp-block-spacer\"><\/div>\n<\/div><\/div>\n\n\n\n<div style=\"height:123px\" aria-hidden=\"true\" class=\"wp-block-spacer\"><\/div>\n\n\n\n<h2 class=\"wp-block-heading alignwide\"><strong>Objetivos<\/strong><\/h2>\n\n\n\n<div class=\"wp-block-columns alignwide is-layout-flex wp-container-core-columns-is-layout-7fc3d43a wp-block-columns-is-layout-flex\">\n<div class=\"wp-block-column is-layout-flow wp-block-column-is-layout-flow\">\n<p class=\"has-large-font-size\">Los alumnos aprender\u00e1n a <strong>identificar y reconocer los distintos instrumentos<\/strong> que forman la agrupaci\u00f3n, de forma visual y auditiva. Aprender\u00e1n a <strong>diferenciar los distintos timbres<\/strong> y las tesituras que los instrumentos producen. Comprender\u00e1n el <strong>papel del director<\/strong> de orquesta, o en nuestro caso de agrupaci\u00f3n musical y explorar\u00e1n a trav\u00e9s de actividades distintos ritmos, velocidades e intensidades de nuestras obras<\/p>\n\n\n\n<p class=\"has-large-font-size\"><\/p>\n\n\n\n<p class=\"has-large-font-size\">Adem\u00e1s desarrollar\u00e1n habilidades como la <strong>escucha activa<\/strong>, <strong>el trabajo en equipo<\/strong>,<strong> la creatividad<\/strong>, todo en un entorno l\u00fadico y&nbsp;participativo<\/p>\n<\/div>\n\n\n\n<div class=\"wp-block-column is-vertically-aligned-center is-layout-flow wp-block-column-is-layout-flow\">\n<figure class=\"wp-block-image aligncenter size-large has-custom-border\"><img loading=\"lazy\" decoding=\"async\" width=\"1024\" height=\"663\" src=\"https:\/\/keksquintett.com\/wp-content\/uploads\/2024\/09\/Imagen-de-WhatsApp-2024-09-19-a-las-16.51.49_1725356d-1024x663.jpg\" alt=\"\" class=\"wp-image-496\" style=\"border-radius:14px\" srcset=\"https:\/\/keksquintett.com\/wp-content\/uploads\/2024\/09\/Imagen-de-WhatsApp-2024-09-19-a-las-16.51.49_1725356d-1024x663.jpg 1024w, https:\/\/keksquintett.com\/wp-content\/uploads\/2024\/09\/Imagen-de-WhatsApp-2024-09-19-a-las-16.51.49_1725356d-300x194.jpg 300w, https:\/\/keksquintett.com\/wp-content\/uploads\/2024\/09\/Imagen-de-WhatsApp-2024-09-19-a-las-16.51.49_1725356d-768x497.jpg 768w, https:\/\/keksquintett.com\/wp-content\/uploads\/2024\/09\/Imagen-de-WhatsApp-2024-09-19-a-las-16.51.49_1725356d.jpg 1536w\" sizes=\"(max-width: 1024px) 100vw, 1024px\" \/><\/figure>\n<\/div>\n<\/div>\n\n\n\n<div style=\"height:134px\" aria-hidden=\"true\" class=\"wp-block-spacer\"><\/div>\n\n\n\n<h2 class=\"wp-block-heading alignwide\"><strong>Beneficios<\/strong><\/h2>\n\n\n\n<div class=\"wp-block-columns alignwide is-layout-flex wp-container-core-columns-is-layout-28f84493 wp-block-columns-is-layout-flex\">\n<div class=\"wp-block-column is-layout-flow wp-block-column-is-layout-flow\">\n<div class=\"wp-block-cover is-light\" style=\"border-style:none;border-width:0px;border-radius:14px;padding-right:var(--wp--preset--spacing--40);padding-left:var(--wp--preset--spacing--40)\"><span aria-hidden=\"true\" class=\"wp-block-cover__background has-tertiary-background-color has-background-dim-100 has-background-dim\"><\/span><div class=\"wp-block-cover__inner-container has-global-padding is-layout-constrained wp-container-core-cover-is-layout-97829e9f wp-block-cover-is-layout-constrained\">\n<p class=\"has-text-align-left has-large-font-size\"><strong>Complemento al curr\u00edculo de m\u00fasica y artes<\/strong><\/p>\n\n\n\n<p>Se ofrece una experiencia practica que refuerza los contenidos te\u00f3ricos aprendidos en las aulas.<\/p>\n<\/div><\/div>\n<\/div>\n\n\n\n<div class=\"wp-block-column is-layout-flow wp-block-column-is-layout-flow\">\n<div class=\"wp-block-cover is-light\" style=\"border-radius:14px;padding-right:var(--wp--preset--spacing--40);padding-left:var(--wp--preset--spacing--40)\"><span aria-hidden=\"true\" class=\"wp-block-cover__background has-tertiary-background-color has-background-dim-100 has-background-dim\"><\/span><div class=\"wp-block-cover__inner-container has-global-padding is-layout-constrained wp-container-core-cover-is-layout-97829e9f wp-block-cover-is-layout-constrained\">\n<p><\/p>\n\n\n\n<p class=\"has-text-align-left has-large-font-size\"><strong>Desarrollo intelectual<\/strong><\/p>\n\n\n\n<p>Potencia la concentraci\u00f3n y la capacidad de razonamiento.<\/p>\n<\/div><\/div>\n<\/div>\n\n\n\n<div class=\"wp-block-column is-layout-flow wp-block-column-is-layout-flow\">\n<div class=\"wp-block-cover is-light\" style=\"border-radius:14px\"><span aria-hidden=\"true\" class=\"wp-block-cover__background has-tertiary-background-color has-background-dim-100 has-background-dim\"><\/span><div class=\"wp-block-cover__inner-container has-global-padding is-layout-constrained wp-block-cover-is-layout-constrained\">\n<p class=\"has-text-align-left has-large-font-size\"><strong>Liberaci\u00f3n de oxitocina y dopamina<\/strong><\/p>\n\n\n\n<p>Produce felicidad y apego, por otra parte, reduce considerablemente el estr\u00e9s ya que afecta directamente al cortisol, disminuyendo su nivel r\u00e1pidamente.<\/p>\n<\/div><\/div>\n<\/div>\n<\/div>\n\n\n\n<div style=\"height:139px\" aria-hidden=\"true\" class=\"wp-block-spacer\"><\/div>\n\n\n\n<div class=\"wp-block-group alignwide has-global-padding is-layout-constrained wp-block-group-is-layout-constrained\">\n<h2 class=\"wp-block-heading alignwide\"><strong>Propuesta de colaboraci\u00f3n<\/strong><\/h2>\n\n\n\n<div class=\"wp-block-cover alignwide is-light\" style=\"border-radius:14px;margin-top:var(--wp--preset--spacing--30);margin-bottom:var(--wp--preset--spacing--30);padding-top:var(--wp--preset--spacing--30);padding-right:var(--wp--preset--spacing--40);padding-bottom:var(--wp--preset--spacing--30);padding-left:var(--wp--preset--spacing--40);min-height:337px;aspect-ratio:unset;\"><span aria-hidden=\"true\" class=\"wp-block-cover__background has-tertiary-background-color has-background-dim-100 has-background-dim\"><\/span><div class=\"wp-block-cover__inner-container has-global-padding is-layout-constrained wp-container-core-cover-is-layout-9edc6bea wp-block-cover-is-layout-constrained\">\n<div class=\"wp-block-columns alignfull is-layout-flex wp-container-core-columns-is-layout-28f84493 wp-block-columns-is-layout-flex\">\n<div class=\"wp-block-column is-vertically-aligned-center is-layout-flow wp-block-column-is-layout-flow\" style=\"padding-left:var(--wp--preset--spacing--30);flex-basis:66.66%\">\n<h2 class=\"wp-block-heading alignwide has-text-align-center has-large-font-size\">Posibilidad de realizar los conciertos en las instalaciones del colegio, integr\u00e1ndolos en actividades escolares o eventos culturales<\/h2>\n\n\n\n<h2 class=\"wp-block-heading alignwide has-text-align-center has-medium-font-size\">Tambi\u00e9n podemos adaptar los conciertos para jornadas espec\u00edficas como la Semana&nbsp;Cultural <\/h2>\n<\/div>\n\n\n\n<div class=\"wp-block-column is-layout-flow wp-container-core-column-is-layout-08c3c4e6 wp-block-column-is-layout-flow\" style=\"border-style:none;border-width:0px;padding-top:0;padding-right:var(--wp--preset--spacing--50);padding-bottom:0;padding-left:0;flex-basis:33.33%\">\n<figure class=\"wp-block-image size-full is-resized\"><img loading=\"lazy\" decoding=\"async\" width=\"631\" height=\"431\" src=\"https:\/\/keksquintett.com\/wp-content\/uploads\/2024\/09\/image-13.png\" alt=\"\" class=\"wp-image-494\" style=\"width:429px;height:auto\" srcset=\"https:\/\/keksquintett.com\/wp-content\/uploads\/2024\/09\/image-13.png 631w, https:\/\/keksquintett.com\/wp-content\/uploads\/2024\/09\/image-13-300x205.png 300w\" sizes=\"(max-width: 631px) 100vw, 631px\" \/><\/figure>\n<\/div>\n<\/div>\n<\/div><\/div>\n<\/div>\n\n\n\n<div class=\"wp-block-buttons alignwide is-content-justification-right is-layout-flex wp-container-core-buttons-is-layout-d445cf74 wp-block-buttons-is-layout-flex\">\n<div class=\"wp-block-button has-custom-font-size has-medium-font-size\"><a class=\"wp-block-button__link has-base-color has-contrast-background-color has-text-color has-background has-link-color wp-element-button\" href=\"https:\/\/keksquintett.com\/\" style=\"border-radius:14px\"><strong>Home<\/strong><\/a><\/div>\n<\/div>\n\n\n\n<div style=\"height:180px\" aria-hidden=\"true\" class=\"wp-block-spacer\"><\/div>\n\n\n\n<div class=\"wp-block-group alignwide has-global-padding is-layout-constrained wp-block-group-is-layout-constrained\">\n<div class=\"wp-block-cover alignwide\" style=\"border-radius:14px;min-height:226px;aspect-ratio:unset;\"><span aria-hidden=\"true\" class=\"wp-block-cover__background has-background-dim\" style=\"background-color:#622020\"><\/span><img decoding=\"async\" class=\"wp-block-cover__image-background wp-image-291\" alt=\"\" src=\"https:\/\/keksquintett.wordpress.com\/wp-content\/uploads\/2023\/12\/bc04fb57-4a12-46e6-800d-3f225f30c4e0-1-e1711190155604.jpg\" data-object-fit=\"cover\"\/><div class=\"wp-block-cover__inner-container has-global-padding is-layout-constrained wp-container-core-cover-is-layout-19e250f3 wp-block-cover-is-layout-constrained\">\n<h4 class=\"wp-block-heading alignwide has-text-align-center\" style=\"font-size:clamp(2.066rem, 2.066rem + ((1vw - 0.2rem) * 2.971), 3.7rem);\"><strong>Contacta con nosotros<\/strong><\/h4>\n\n\n\n<div class=\"wp-block-buttons is-content-justification-center is-layout-flex wp-container-core-buttons-is-layout-a89b3969 wp-block-buttons-is-layout-flex\">\n<div class=\"wp-block-button has-custom-width wp-block-button__width-50\"><a class=\"wp-block-button__link has-base-color has-contrast-background-color has-text-color has-background has-link-color wp-element-button\" href=\"https:\/\/keksquintett.com\/?page_id=38\" style=\"border-radius:14px\"><strong>CONTACTO<\/strong><\/a><\/div>\n<\/div>\n<\/div><\/div>\n\n\n\n<p class=\"has-medium-font-size\"><\/p>\n<\/div>\n","protected":false},"excerpt":{"rendered":"<p>CONCIERTOS DI\u00c1CTICOS Proyecto educativo Colegio Salesianos Sant\u00edsima Trinidad Sevilla, JUN 2024 CEIP Tom\u00e1s de Ybarra Tomares, JUN 2024 Objetivos Los alumnos aprender\u00e1n a identificar y reconocer los distintos instrumentos que forman la agrupaci\u00f3n, de forma visual y auditiva. Aprender\u00e1n a diferenciar los distintos timbres y las tesituras que los instrumentos producen. Comprender\u00e1n el papel del [&hellip;]<\/p>\n","protected":false},"author":2,"featured_media":0,"parent":0,"menu_order":0,"comment_status":"closed","ping_status":"closed","template":"","meta":{"footnotes":""},"class_list":["post-398","page","type-page","status-publish","hentry"],"_links":{"self":[{"href":"https:\/\/keksquintett.com\/index.php?rest_route=\/wp\/v2\/pages\/398","targetHints":{"allow":["GET"]}}],"collection":[{"href":"https:\/\/keksquintett.com\/index.php?rest_route=\/wp\/v2\/pages"}],"about":[{"href":"https:\/\/keksquintett.com\/index.php?rest_route=\/wp\/v2\/types\/page"}],"author":[{"embeddable":true,"href":"https:\/\/keksquintett.com\/index.php?rest_route=\/wp\/v2\/users\/2"}],"replies":[{"embeddable":true,"href":"https:\/\/keksquintett.com\/index.php?rest_route=%2Fwp%2Fv2%2Fcomments&post=398"}],"version-history":[{"count":39,"href":"https:\/\/keksquintett.com\/index.php?rest_route=\/wp\/v2\/pages\/398\/revisions"}],"predecessor-version":[{"id":651,"href":"https:\/\/keksquintett.com\/index.php?rest_route=\/wp\/v2\/pages\/398\/revisions\/651"}],"wp:attachment":[{"href":"https:\/\/keksquintett.com\/index.php?rest_route=%2Fwp%2Fv2%2Fmedia&parent=398"}],"curies":[{"name":"wp","href":"https:\/\/api.w.org\/{rel}","templated":true}]}}